{"id":17,"date":"2019-10-09T11:16:29","date_gmt":"2019-10-09T11:16:29","guid":{"rendered":"http:\/\/foerderverein-jtsc.de\/?page_id=17"},"modified":"2025-11-17T18:59:50","modified_gmt":"2025-11-17T17:59:50","slug":"ueber-uns","status":"publish","type":"page","link":"https:\/\/foerderverein-jtsc.de\/?page_id=17","title":{"rendered":"\u00dcber uns"},"content":{"rendered":"\n<p>Wir haben uns \u00fcberlegt, wie wir den Verein 1. Karlsfelder JTSC e.V. am besten unterst\u00fctzen k\u00f6nnen. Wir, das sind:<\/p>\n\n\n\n<figure class=\"wp-block-table\"><table><tbody><tr><td>Barbara Sparr<\/td><td>1. Vorsitzende<\/td><\/tr><tr><td>Kerstin Ischimbet<\/td><td>2. Vorsitzende<\/td><\/tr><tr><td>Petra Plattner<\/td><td>Kassiererin<\/td><\/tr><tr><td>Antje Zacherl<\/td><td>Schriftf\u00fchrerin<\/td><\/tr><tr><td>Venera Sansone<\/td><td>Beisitzerin<\/td><\/tr><tr><td>Maria Beck<\/td><td>Beisitzerin<\/td><\/tr><tr><td><\/td><td><\/td><\/tr><\/tbody><\/table><\/figure>\n\n\n\n<figure class=\"wp-block-image size-large\"><img loading=\"lazy\" decoding=\"async\" width=\"1024\" height=\"768\" src=\"https:\/\/foerderverein-jtsc.de\/wp-content\/uploads\/2023\/05\/44E8F4A0-6413-415A-88A0-C86AC4D82125-1024x768.jpeg\" alt=\"\" class=\"wp-image-122\" srcset=\"https:\/\/foerderverein-jtsc.de\/wp-content\/uploads\/2023\/05\/44E8F4A0-6413-415A-88A0-C86AC4D82125-1024x768.jpeg 1024w, https:\/\/foerderverein-jtsc.de\/wp-content\/uploads\/2023\/05\/44E8F4A0-6413-415A-88A0-C86AC4D82125-300x225.jpeg 300w, https:\/\/foerderverein-jtsc.de\/wp-content\/uploads\/2023\/05\/44E8F4A0-6413-415A-88A0-C86AC4D82125-768x576.jpeg 768w, https:\/\/foerderverein-jtsc.de\/wp-content\/uploads\/2023\/05\/44E8F4A0-6413-415A-88A0-C86AC4D82125-1536x1152.jpeg 1536w, https:\/\/foerderverein-jtsc.de\/wp-content\/uploads\/2023\/05\/44E8F4A0-6413-415A-88A0-C86AC4D82125-685x514.jpeg 685w, https:\/\/foerderverein-jtsc.de\/wp-content\/uploads\/2023\/05\/44E8F4A0-6413-415A-88A0-C86AC4D82125.jpeg 1824w\" sizes=\"auto, (max-width: 1024px) 100vw, 1024px\" \/><\/figure>\n\n\n\n<p>Jedes Turnier ist eine Herausforderung f\u00fcr T\u00e4nzerinnen und Trainerinnen. Sie finden oft mehrere hundert Kilometer entfernt statt, sodass die Busfahrten sehr lange dauern. Eine \u00dcbernachtung vor Ort w\u00fcrde den M\u00e4dels helfen, um am Turniertag fit zu sein. So ist die Idee des F\u00f6rdervereins entstanden. Wir wollen die Gruppen des Vereins mit unseren Geldern in allen Bereichen unterst\u00fctzen. <\/p>\n","protected":false},"excerpt":{"rendered":"<p>Wir haben uns \u00fcberlegt, wie wir den Verein 1. Karlsfelder JTSC e.V. am besten unterst\u00fctzen k\u00f6nnen. Wir, das sind: Barbara Sparr 1. Vorsitzende Kerstin Ischimbet 2. Vorsitzende Petra Plattner Kassiererin Antje Zacherl Schriftf\u00fchrerin Venera Sansone Beisitzerin Maria Beck Beisitzerin Jedes Turnier ist eine Herausforderung f\u00fcr T\u00e4nzerinnen und Trainerinnen. Sie finden oft mehrere hundert Kilometer entfernt &hellip; <a href=\"https:\/\/foerderverein-jtsc.de\/?page_id=17\" class=\"more-link\"><span class=\"screen-reader-text\">\u00dcber uns<\/span> weiterlesen<\/a><\/p>\n","protected":false},"author":1,"featured_media":0,"parent":0,"menu_order":0,"comment_status":"closed","ping_status":"closed","template":"","meta":{"footnotes":""},"class_list":["post-17","page","type-page","status-publish","hentry"],"_links":{"self":[{"href":"https:\/\/foerderverein-jtsc.de\/index.php?rest_route=\/wp\/v2\/pages\/17","targetHints":{"allow":["GET"]}}],"collection":[{"href":"https:\/\/foerderverein-jtsc.de\/index.php?rest_route=\/wp\/v2\/pages"}],"about":[{"href":"https:\/\/foerderverein-jtsc.de\/index.php?rest_route=\/wp\/v2\/types\/page"}],"author":[{"embeddable":true,"href":"https:\/\/foerderverein-jtsc.de\/index.php?rest_route=\/wp\/v2\/users\/1"}],"replies":[{"embeddable":true,"href":"https:\/\/foerderverein-jtsc.de\/index.php?rest_route=%2Fwp%2Fv2%2Fcomments&post=17"}],"version-history":[{"count":9,"href":"https:\/\/foerderverein-jtsc.de\/index.php?rest_route=\/wp\/v2\/pages\/17\/revisions"}],"predecessor-version":[{"id":158,"href":"https:\/\/foerderverein-jtsc.de\/index.php?rest_route=\/wp\/v2\/pages\/17\/revisions\/158"}],"wp:attachment":[{"href":"https:\/\/foerderverein-jtsc.de\/index.php?rest_route=%2Fwp%2Fv2%2Fmedia&parent=17"}],"curies":[{"name":"wp","href":"https:\/\/api.w.org\/{rel}","templated":true}]}}