{"id":21,"date":"2019-10-09T11:16:59","date_gmt":"2019-10-09T11:16:59","guid":{"rendered":"http:\/\/foerderverein-jtsc.de\/?page_id=21"},"modified":"2025-11-17T18:49:20","modified_gmt":"2025-11-17T17:49:20","slug":"mitglied-werden","status":"publish","type":"page","link":"https:\/\/foerderverein-jtsc.de\/?page_id=21","title":{"rendered":"Mitglied werden"},"content":{"rendered":"\n<p>Die M\u00f6glichkeiten, uns zu unterst\u00fctzen sehen wie folgt aus:<\/p>\n\n\n\n<ul class=\"wp-block-list\">\n<li>Aktive Mitarbeit und Beitragszahlung<\/li>\n\n\n\n<li>Passive Mitgliedschaft und Beitragszahlung<\/li>\n\n\n\n<li>pers\u00f6nliches Engagement bei Veranstaltungen<\/li>\n\n\n\n<li>Geldspenden auf unser Konto  <\/li>\n<\/ul>\n\n\n\n<hr class=\"wp-block-separator has-css-opacity\"\/>\n\n\n\n<p class=\"has-text-align-center\">IBAN: DE 08 7005 1540 0280 8345 73<\/p>\n\n\n\n<p class=\"has-text-align-center\">BIC: BYLADEM1DAH<\/p>\n\n\n\n<hr class=\"wp-block-separator has-css-opacity\"\/>\n\n\n\n<div class=\"wp-block-file\"><a href=\"https:\/\/foerderverein-jtsc.de\/wp-content\/uploads\/2019\/10\/BEITRITTSERKL\u00c4RUNG-neu.pdf\">BEITRITTSERKL\u00c4RUNG<\/a><a href=\"https:\/\/foerderverein-jtsc.de\/wp-content\/uploads\/2019\/10\/BEITRITTSERKL\u00c4RUNG-neu.pdf\" class=\"wp-block-file__button wp-element-button\" download>Herunterladen<\/a><\/div>\n\n\n\n<div class=\"wp-block-file\"><a href=\"https:\/\/foerderverein-jtsc.de\/wp-content\/uploads\/2020\/01\/SEPA-Lastschrift.pdf\">SEPA-Lastschrift<\/a><a href=\"https:\/\/foerderverein-jtsc.de\/wp-content\/uploads\/2020\/01\/SEPA-Lastschrift.pdf\" class=\"wp-block-file__button wp-element-button\" download>Herunterladen<\/a><\/div>\n\n\n\n<div class=\"wp-block-file\"><a href=\"https:\/\/foerderverein-jtsc.de\/wp-content\/uploads\/2019\/10\/Info-zum-Datenschutz.pdf\">Info-zum-Datenschutz<\/a><a href=\"https:\/\/foerderverein-jtsc.de\/wp-content\/uploads\/2019\/10\/Info-zum-Datenschutz.pdf\" class=\"wp-block-file__button wp-element-button\" download>Herunterladen<\/a><\/div>\n\n\n\n<div class=\"wp-block-file\"><a href=\"https:\/\/foerderverein-jtsc.de\/wp-content\/uploads\/2020\/02\/Satzung-Endversion-ohne-Unterschriften.pdf\">Satzung<\/a><a href=\"https:\/\/foerderverein-jtsc.de\/wp-content\/uploads\/2020\/02\/Satzung-Endversion-ohne-Unterschriften.pdf\" class=\"wp-block-file__button wp-element-button\" download>Herunterladen<\/a><\/div>\n\n\n\n<p>Spenden \u00fcber Paypal ist auch m\u00f6glich<\/p>\n\n\n\n<figure class=\"wp-block-image size-full\"><img loading=\"lazy\" decoding=\"async\" width=\"500\" height=\"500\" src=\"https:\/\/foerderverein-jtsc.de\/wp-content\/uploads\/2025\/11\/qrcode.png\" alt=\"\" class=\"wp-image-150\" srcset=\"https:\/\/foerderverein-jtsc.de\/wp-content\/uploads\/2025\/11\/qrcode.png 500w, https:\/\/foerderverein-jtsc.de\/wp-content\/uploads\/2025\/11\/qrcode-300x300.png 300w, https:\/\/foerderverein-jtsc.de\/wp-content\/uploads\/2025\/11\/qrcode-150x150.png 150w, https:\/\/foerderverein-jtsc.de\/wp-content\/uploads\/2025\/11\/qrcode-100x100.png 100w\" sizes=\"auto, (max-width: 500px) 100vw, 500px\" \/><\/figure>\n","protected":false},"excerpt":{"rendered":"<p>Die M\u00f6glichkeiten, uns zu unterst\u00fctzen sehen wie folgt aus: IBAN: DE 08 7005 1540 0280 8345 73 BIC: BYLADEM1DAH Spenden \u00fcber Paypal ist auch m\u00f6glich<\/p>\n","protected":false},"author":1,"featured_media":0,"parent":0,"menu_order":0,"comment_status":"closed","ping_status":"closed","template":"","meta":{"footnotes":""},"class_list":["post-21","page","type-page","status-publish","hentry"],"_links":{"self":[{"href":"https:\/\/foerderverein-jtsc.de\/index.php?rest_route=\/wp\/v2\/pages\/21","targetHints":{"allow":["GET"]}}],"collection":[{"href":"https:\/\/foerderverein-jtsc.de\/index.php?rest_route=\/wp\/v2\/pages"}],"about":[{"href":"https:\/\/foerderverein-jtsc.de\/index.php?rest_route=\/wp\/v2\/types\/page"}],"author":[{"embeddable":true,"href":"https:\/\/foerderverein-jtsc.de\/index.php?rest_route=\/wp\/v2\/users\/1"}],"replies":[{"embeddable":true,"href":"https:\/\/foerderverein-jtsc.de\/index.php?rest_route=%2Fwp%2Fv2%2Fcomments&post=21"}],"version-history":[{"count":22,"href":"https:\/\/foerderverein-jtsc.de\/index.php?rest_route=\/wp\/v2\/pages\/21\/revisions"}],"predecessor-version":[{"id":151,"href":"https:\/\/foerderverein-jtsc.de\/index.php?rest_route=\/wp\/v2\/pages\/21\/revisions\/151"}],"wp:attachment":[{"href":"https:\/\/foerderverein-jtsc.de\/index.php?rest_route=%2Fwp%2Fv2%2Fmedia&parent=21"}],"curies":[{"name":"wp","href":"https:\/\/api.w.org\/{rel}","templated":true}]}}